{"id":899,"date":"2021-06-18T01:51:44","date_gmt":"2021-06-18T01:51:44","guid":{"rendered":"http:\/\/www.youuglobal.com\/index.php\/product\/conversation\/"},"modified":"2025-10-27T17:39:23","modified_gmt":"2025-10-27T09:39:23","slug":"conversation","status":"publish","type":"product","link":"https:\/\/www.youuglobal.com\/fr\/produit\/conversation\/","title":{"rendered":"Vernis \u00e0 ongles"},"content":{"rendered":"<p>Vernis \u00e0 ongles disponible en 139 couleurs couvrant les trois grandes cat\u00e9gories, formul\u00e9 avec une base r\u00e9sine de haute qualit\u00e9.<br \/>\nPremi\u00e8re cat\u00e9gorie de vernis \u00e0 ongles : la s\u00e9rie transparente nude. Les teintes nude ros\u00e9es sont discr\u00e8tes et mettent en valeur la couleur naturelle des ongles.<br \/>\nDeuxi\u00e8me cat\u00e9gorie de vernis \u00e0 ongles : la s\u00e9rie monochrome. Une armure \u00e9l\u00e9gante pour les femmes actives, avec une saturation \u00e9lev\u00e9e et une finition \u00e9maill\u00e9e obtenue en un seul passage ; plusieurs couleurs classiques au choix.<br \/>\nTroisi\u00e8me cat\u00e9gorie de vernis \u00e0 ongles : la s\u00e9rie paillettes scintillantes. La star incontournable des soir\u00e9es, des fragments galactiques s'invitent sur vos ongles, avec des paillettes argent\u00e9es aux reflets magiques qui illuminent instantan\u00e9ment votre manucure.<\/p>","protected":false},"excerpt":{"rendered":"<p>Gel \u00e0 ongles tendance am\u00e9ricaine, nouvelle collection printemps-\u00e9t\u00e9 2025 : manucure en vogue avec des teintes nude \u00e9claircissantes, paillettes, blanc laiteux et noir,<span style=\"font-size: 16px;\">id\u00e9ale pour les soins UV<\/span><\/p>","protected":false},"featured_media":1393,"template":"","meta":{"site-sidebar-layout":"default","site-content-layout":"default","ast-global-header-display":"","ast-main-header-display":"","ast-hfb-above-header-display":"","ast-hfb-below-header-display":"","ast-hfb-mobile-header-display":"","site-post-title":"","ast-breadcrumbs-content":"","ast-featured-img":"","footer-sml-layout":"","theme-transparent-header-meta":"default","adv-header-id-meta":"","stick-header-meta":"","header-above-stick-meta":"","header-main-stick-meta":"","header-below-stick-meta":""},"product_cat":[20],"product_tag":[],"class_list":["post-899","product","type-product","status-publish","has-post-thumbnail","hentry","product_cat-fashion-products","desktop-align-left","tablet-align-left","mobile-align-left","ast-product-gallery-layout-vertical-slider","ast-product-gallery-with-no-image","ast-product-tabs-layout-horizontal","ast-qv-on-image"],"_links":{"self":[{"href":"https:\/\/www.youuglobal.com\/fr\/wp-json\/wp\/v2\/product\/899","targetHints":{"allow":["GET"]}}],"collection":[{"href":"https:\/\/www.youuglobal.com\/fr\/wp-json\/wp\/v2\/product"}],"about":[{"href":"https:\/\/www.youuglobal.com\/fr\/wp-json\/wp\/v2\/types\/product"}],"wp:featuredmedia":[{"embeddable":true,"href":"https:\/\/www.youuglobal.com\/fr\/wp-json\/wp\/v2\/media\/1393"}],"wp:attachment":[{"href":"https:\/\/www.youuglobal.com\/fr\/wp-json\/wp\/v2\/media?parent=899"}],"wp:term":[{"taxonomy":"product_cat","embeddable":true,"href":"https:\/\/www.youuglobal.com\/fr\/wp-json\/wp\/v2\/product_cat?post=899"},{"taxonomy":"product_tag","embeddable":true,"href":"https:\/\/www.youuglobal.com\/fr\/wp-json\/wp\/v2\/product_tag?post=899"}],"curies":[{"name":"wp","href":"https:\/\/api.w.org\/{rel}","templated":true}]}}