{"id":910,"date":"2021-06-18T01:55:45","date_gmt":"2021-06-18T01:55:45","guid":{"rendered":"http:\/\/www.youuglobal.com\/index.php\/product\/stonewall\/"},"modified":"2025-10-27T17:16:08","modified_gmt":"2025-10-27T09:16:08","slug":"stonewall","status":"publish","type":"product","link":"https:\/\/www.youuglobal.com\/fr\/produit\/stonewall\/","title":{"rendered":"Th\u00e9 chinois"},"content":{"rendered":"<p>Les feuilles de th\u00e9 sont r\u00e9colt\u00e9es sur des terres situ\u00e9es \u00e0 haute altitude, b\u00e9n\u00e9ficiant d'une pluviom\u00e9trie mod\u00e9r\u00e9e et d'un ensoleillement abondant, id\u00e9ales pour produire le th\u00e9 Longjing.<br \/>\nTh\u00e9 authentique sans aucun additif, chaque feuille est soigneusement s\u00e9lectionn\u00e9e parmi les jeunes pousses tendres, avec une forme plate et lisse.<br \/>\nLe th\u00e9 d\u00e9gage un ar\u00f4me riche de f\u00e8ves, subtil mais non agressif, avec des bourgeons et des feuilles bien d\u00e9velopp\u00e9s, une fragrance intense et un go\u00fbt doux et savoureux.<br \/>\nLa liqueur de th\u00e9 est claire et brillante, son parfum envahit agr\u00e9ablement les narines ; les feuilles sont tendres et juteuses, leur ar\u00f4me frais persiste longtemps, offrant une saveur fra\u00eeche et rafra\u00eechissante avec un arri\u00e8re-go\u00fbt sucr\u00e9.<\/p>","protected":false},"excerpt":{"rendered":"<p>Bo\u00eete-cadeau authentique de th\u00e9 Longjing, nouvelle r\u00e9colte 2025, th\u00e9 vert, cadeau pour les f\u00eates, cadeau \u00e0 offrir, cadeau pour les a\u00een\u00e9s<\/p>","protected":false},"featured_media":1392,"template":"","meta":{"site-sidebar-layout":"default","site-content-layout":"default","ast-global-header-display":"","ast-main-header-display":"","ast-hfb-above-header-display":"","ast-hfb-below-header-display":"","ast-hfb-mobile-header-display":"","site-post-title":"","ast-breadcrumbs-content":"","ast-featured-img":"","footer-sml-layout":"","theme-transparent-header-meta":"default","adv-header-id-meta":"","stick-header-meta":"","header-above-stick-meta":"","header-main-stick-meta":"","header-below-stick-meta":""},"product_cat":[15],"product_tag":[],"class_list":["post-910","product","type-product","status-publish","has-post-thumbnail","hentry","product_cat-healthy-beverage","desktop-align-left","tablet-align-left","mobile-align-left","ast-product-gallery-layout-vertical-slider","ast-product-gallery-with-no-image","ast-product-tabs-layout-horizontal","ast-qv-on-image"],"_links":{"self":[{"href":"https:\/\/www.youuglobal.com\/fr\/wp-json\/wp\/v2\/product\/910","targetHints":{"allow":["GET"]}}],"collection":[{"href":"https:\/\/www.youuglobal.com\/fr\/wp-json\/wp\/v2\/product"}],"about":[{"href":"https:\/\/www.youuglobal.com\/fr\/wp-json\/wp\/v2\/types\/product"}],"wp:featuredmedia":[{"embeddable":true,"href":"https:\/\/www.youuglobal.com\/fr\/wp-json\/wp\/v2\/media\/1392"}],"wp:attachment":[{"href":"https:\/\/www.youuglobal.com\/fr\/wp-json\/wp\/v2\/media?parent=910"}],"wp:term":[{"taxonomy":"product_cat","embeddable":true,"href":"https:\/\/www.youuglobal.com\/fr\/wp-json\/wp\/v2\/product_cat?post=910"},{"taxonomy":"product_tag","embeddable":true,"href":"https:\/\/www.youuglobal.com\/fr\/wp-json\/wp\/v2\/product_tag?post=910"}],"curies":[{"name":"wp","href":"https:\/\/api.w.org\/{rel}","templated":true}]}}