{"id":912,"date":"2021-06-18T02:06:30","date_gmt":"2021-06-18T02:06:30","guid":{"rendered":"http:\/\/www.youuglobal.com\/index.php\/product\/arctic-campfire\/"},"modified":"2025-10-27T17:15:40","modified_gmt":"2025-10-27T09:15:40","slug":"arctic-campfire","status":"publish","type":"product","link":"https:\/\/www.youuglobal.com\/fr\/produit\/arctic-campfire\/","title":{"rendered":"Sapin de No\u00ebl"},"content":{"rendered":"<p>Le sapin de No\u00ebl est absolument indispensable \u00e0 No\u00ebl.<br \/>\nLes aiguilles du sapin de No\u00ebl sont fabriqu\u00e9es en PVC \u00e9pais et large, \u00e9cologique et ignifuge, r\u00e9sistant \u00e0 la pression et peu sujet \u00e0 la d\u00e9formation.<br \/>\nJoyeux No\u00ebl !<\/p>","protected":false},"excerpt":{"rendered":"<div class=\"efm_ant-bubble efm_ant-bubble-start\" data-role=\"assistant\">\n<div class=\"efm_ant-bubble-content-wrapper\">\n<div class=\"efm_ant-bubble-content efm_ant-bubble-content-wrapper-card efm_ant-bubble-content-borderless\">\n<div class=\"efm_ant-markdown\">\n<p data-spm-anchor-id=\"a2ty02.30260236.d_text_model_experience.i22.4be674a1NermyA\">Sapin de No\u00ebl luxueux et crypt\u00e9 de 1,2\/1,5\/2,1\/3 m\u00e8tres, kit d'installation pour la maison, d\u00e9coration pour centres commerciaux et magasins<\/p>\n<\/div>\n<\/div>\n<\/div>\n<\/div>\n<div class=\"bottom-section__ggvm2\">\n<div class=\"statistics-and-actions__P27gD\">\n<div class=\"actions-wrap__QR6l4\"><\/div>\n<\/div>\n<\/div>","protected":false},"featured_media":1391,"template":"","meta":{"site-sidebar-layout":"default","site-content-layout":"default","ast-global-header-display":"","ast-main-header-display":"","ast-hfb-above-header-display":"","ast-hfb-below-header-display":"","ast-hfb-mobile-header-display":"","site-post-title":"","ast-breadcrumbs-content":"","ast-featured-img":"","footer-sml-layout":"","theme-transparent-header-meta":"default","adv-header-id-meta":"","stick-header-meta":"","header-above-stick-meta":"","header-main-stick-meta":"","header-below-stick-meta":""},"product_cat":[17],"product_tag":[],"class_list":["post-912","product","type-product","status-publish","has-post-thumbnail","hentry","product_cat-festival-supplies","desktop-align-left","tablet-align-left","mobile-align-left","ast-product-gallery-layout-vertical-slider","ast-product-gallery-with-no-image","ast-product-tabs-layout-horizontal","ast-qv-on-image"],"_links":{"self":[{"href":"https:\/\/www.youuglobal.com\/fr\/wp-json\/wp\/v2\/product\/912","targetHints":{"allow":["GET"]}}],"collection":[{"href":"https:\/\/www.youuglobal.com\/fr\/wp-json\/wp\/v2\/product"}],"about":[{"href":"https:\/\/www.youuglobal.com\/fr\/wp-json\/wp\/v2\/types\/product"}],"wp:featuredmedia":[{"embeddable":true,"href":"https:\/\/www.youuglobal.com\/fr\/wp-json\/wp\/v2\/media\/1391"}],"wp:attachment":[{"href":"https:\/\/www.youuglobal.com\/fr\/wp-json\/wp\/v2\/media?parent=912"}],"wp:term":[{"taxonomy":"product_cat","embeddable":true,"href":"https:\/\/www.youuglobal.com\/fr\/wp-json\/wp\/v2\/product_cat?post=912"},{"taxonomy":"product_tag","embeddable":true,"href":"https:\/\/www.youuglobal.com\/fr\/wp-json\/wp\/v2\/product_tag?post=912"}],"curies":[{"name":"wp","href":"https:\/\/api.w.org\/{rel}","templated":true}]}}