{"id":913,"date":"2021-06-18T02:16:26","date_gmt":"2021-06-18T02:16:26","guid":{"rendered":"http:\/\/www.youuglobal.com\/index.php\/product\/oceania\/"},"modified":"2025-10-27T17:38:47","modified_gmt":"2025-10-27T09:38:47","slug":"oceania","status":"publish","type":"product","link":"https:\/\/www.youuglobal.com\/fr\/produit\/oceania\/","title":{"rendered":"Bougies parfum\u00e9es"},"content":{"rendered":"<p>Les bougies parfum\u00e9es peuvent \u00eatre plac\u00e9es dans le salon, le bureau, la chambre \u00e0 coucher, la salle \u00e0 manger, etc., et chaque fragrance repr\u00e9sente une attitude et un \u00e9tat d'esprit face \u00e0 la vie.<br \/>\nLes bougies parfum\u00e9es sont fabriqu\u00e9es avec de la cire v\u00e9g\u00e9tale harmonis\u00e9e, offrant une senteur douce qui ne stimule pas l'odorat.<br \/>\nLe fond des bouteilles de bougies parfum\u00e9es est uniform\u00e9ment \u00e9pais, avec une couleur riche et d\u00e9licate, tout en garantissant une excellente transparence.<\/p>","protected":false},"excerpt":{"rendered":"<p>Bougie parfum\u00e9e, fragrance haut de gamme et confidentielle \u00e0 la cire de soja, coul\u00e9e \u00e0 basse temp\u00e9rature, cadeau d'anniversaire<\/p>","protected":false},"featured_media":1390,"template":"","meta":{"site-sidebar-layout":"default","site-content-layout":"default","ast-global-header-display":"","ast-main-header-display":"","ast-hfb-above-header-display":"","ast-hfb-below-header-display":"","ast-hfb-mobile-header-display":"","site-post-title":"","ast-breadcrumbs-content":"","ast-featured-img":"","footer-sml-layout":"","theme-transparent-header-meta":"default","adv-header-id-meta":"","stick-header-meta":"","header-above-stick-meta":"","header-main-stick-meta":"","header-below-stick-meta":""},"product_cat":[17],"product_tag":[],"class_list":["post-913","product","type-product","status-publish","has-post-thumbnail","hentry","product_cat-festival-supplies","desktop-align-left","tablet-align-left","mobile-align-left","ast-product-gallery-layout-vertical-slider","ast-product-gallery-with-no-image","ast-product-tabs-layout-horizontal","ast-qv-on-image"],"_links":{"self":[{"href":"https:\/\/www.youuglobal.com\/fr\/wp-json\/wp\/v2\/product\/913","targetHints":{"allow":["GET"]}}],"collection":[{"href":"https:\/\/www.youuglobal.com\/fr\/wp-json\/wp\/v2\/product"}],"about":[{"href":"https:\/\/www.youuglobal.com\/fr\/wp-json\/wp\/v2\/types\/product"}],"wp:featuredmedia":[{"embeddable":true,"href":"https:\/\/www.youuglobal.com\/fr\/wp-json\/wp\/v2\/media\/1390"}],"wp:attachment":[{"href":"https:\/\/www.youuglobal.com\/fr\/wp-json\/wp\/v2\/media?parent=913"}],"wp:term":[{"taxonomy":"product_cat","embeddable":true,"href":"https:\/\/www.youuglobal.com\/fr\/wp-json\/wp\/v2\/product_cat?post=913"},{"taxonomy":"product_tag","embeddable":true,"href":"https:\/\/www.youuglobal.com\/fr\/wp-json\/wp\/v2\/product_tag?post=913"}],"curies":[{"name":"wp","href":"https:\/\/api.w.org\/{rel}","templated":true}]}}