{"id":914,"date":"2021-06-18T02:21:03","date_gmt":"2021-06-18T02:21:03","guid":{"rendered":"http:\/\/www.youuglobal.com\/index.php\/product\/meena-harbor\/"},"modified":"2025-10-27T17:10:23","modified_gmt":"2025-10-27T09:10:23","slug":"meena-harbor","status":"publish","type":"product","link":"https:\/\/www.youuglobal.com\/fr\/produit\/meena-harbor\/","title":{"rendered":"Bouilloire thermostatique"},"content":{"rendered":"<p>La bouilloire thermostatique est dot\u00e9e d'un couvercle int\u00e9rieur en acier inoxydable 304 et d'un socle en acier inoxyable 316, sans odeur, r\u00e9sistant \u00e0 la corrosion et facile \u00e0 nettoyer. Elle utilise \u00e9galement du verre borosilicat\u00e9 de haute qualit\u00e9, r\u00e9sistant aux \u00e9carts de temp\u00e9rature entre le froid et le chaud, et prot\u00e9g\u00e9 contre les \u00e9clats.<br \/>\nLa bouilloire thermostatique permet de r\u00e9gler diff\u00e9rentes temp\u00e9ratures pour pr\u00e9parer facilement diverses boissons. Chaque pression sur le bouton augmente ou diminue la temp\u00e9rature de 1 degr\u00e9 Celsius, offrant ainsi un contr\u00f4le plus pr\u00e9cis. La plage de r\u00e9glage de la temp\u00e9rature s'\u00e9tend de 37 \u00e0 95 degr\u00e9s Celsius.<br \/>\nUne fois la cuisson termin\u00e9e, la bouilloire thermostatique passe automatiquement en mode maintien de la temp\u00e9rature ; une fois branch\u00e9e, elle peut maintenir constamment la temp\u00e9rature pendant 72 heures. La temp\u00e9rature de maintien est r\u00e9glable, avec une valeur par d\u00e9faut de 45 degr\u00e9s Celsius.<\/p>","protected":false},"excerpt":{"rendered":"<p>Bouilloire thermostatique multifonction, bouilloire thermostatique pour le th\u00e9 au bureau et \u00e0 la maison, bouilloire \u00e9lectrique pour infuser le th\u00e9<\/p>","protected":false},"featured_media":1387,"template":"","meta":{"site-sidebar-layout":"default","site-content-layout":"default","ast-global-header-display":"","ast-main-header-display":"","ast-hfb-above-header-display":"","ast-hfb-below-header-display":"","ast-hfb-mobile-header-display":"","site-post-title":"","ast-breadcrumbs-content":"","ast-featured-img":"","footer-sml-layout":"","theme-transparent-header-meta":"default","adv-header-id-meta":"","stick-header-meta":"","header-above-stick-meta":"","header-main-stick-meta":"","header-below-stick-meta":""},"product_cat":[16],"product_tag":[],"class_list":["post-914","product","type-product","status-publish","has-post-thumbnail","hentry","product_cat-household-appliances","desktop-align-left","tablet-align-left","mobile-align-left","ast-product-gallery-layout-vertical-slider","ast-product-gallery-with-no-image","ast-product-tabs-layout-horizontal","ast-qv-on-image"],"_links":{"self":[{"href":"https:\/\/www.youuglobal.com\/fr\/wp-json\/wp\/v2\/product\/914","targetHints":{"allow":["GET"]}}],"collection":[{"href":"https:\/\/www.youuglobal.com\/fr\/wp-json\/wp\/v2\/product"}],"about":[{"href":"https:\/\/www.youuglobal.com\/fr\/wp-json\/wp\/v2\/types\/product"}],"wp:featuredmedia":[{"embeddable":true,"href":"https:\/\/www.youuglobal.com\/fr\/wp-json\/wp\/v2\/media\/1387"}],"wp:attachment":[{"href":"https:\/\/www.youuglobal.com\/fr\/wp-json\/wp\/v2\/media?parent=914"}],"wp:term":[{"taxonomy":"product_cat","embeddable":true,"href":"https:\/\/www.youuglobal.com\/fr\/wp-json\/wp\/v2\/product_cat?post=914"},{"taxonomy":"product_tag","embeddable":true,"href":"https:\/\/www.youuglobal.com\/fr\/wp-json\/wp\/v2\/product_tag?post=914"}],"curies":[{"name":"wp","href":"https:\/\/api.w.org\/{rel}","templated":true}]}}