{"id":915,"date":"2021-06-18T02:23:20","date_gmt":"2021-06-18T02:23:20","guid":{"rendered":"http:\/\/www.youuglobal.com\/index.php\/product\/analogue\/"},"modified":"2025-10-27T17:08:25","modified_gmt":"2025-10-27T09:08:25","slug":"analogue","status":"publish","type":"product","link":"https:\/\/www.youuglobal.com\/fr\/produit\/analogue\/","title":{"rendered":"Friteuse \u00e0 air"},"content":{"rendered":"<p>La friteuse \u00e0 air offre une grande capacit\u00e9, un faible niveau de bruit lors de la cuisson, une circulation d'air \u00e0 360 degr\u00e9s pour une cuisson uniforme et ne n\u00e9cessite pas d'\u00eatre retourn\u00e9e.<br \/>\nLa friteuse \u00e0 air est \u00e9quip\u00e9e d'un \u00e9cran tactile \u00e9lectronique sensible, d'une activation par simple touche et d'une fonction de r\u00e9glage de la temp\u00e9rature et de la minuterie sur une large plage.<br \/>\nLa friteuse \u00e0 air poss\u00e8de une large fen\u00eatre transparente, ce qui \u00e9vite d'avoir \u00e0 ouvrir le couvercle \u00e0 plusieurs reprises, permettant ainsi de surveiller facilement l'\u00e9tat de cuisson des aliments.<\/p>","protected":false},"excerpt":{"rendered":"<p>Friteuse \u00e0 air, friteuse \u00e9lectrique domestique, \u00e9cran tactile \u00e9lectronique avec fen\u00eatre agrandie, multifonction, 4,5 \u00e0 6 L<\/p>","protected":false},"featured_media":1386,"template":"","meta":{"site-sidebar-layout":"default","site-content-layout":"default","ast-global-header-display":"","ast-main-header-display":"","ast-hfb-above-header-display":"","ast-hfb-below-header-display":"","ast-hfb-mobile-header-display":"","site-post-title":"","ast-breadcrumbs-content":"","ast-featured-img":"","footer-sml-layout":"","theme-transparent-header-meta":"default","adv-header-id-meta":"","stick-header-meta":"","header-above-stick-meta":"","header-main-stick-meta":"","header-below-stick-meta":""},"product_cat":[16],"product_tag":[],"class_list":["post-915","product","type-product","status-publish","has-post-thumbnail","hentry","product_cat-household-appliances","desktop-align-left","tablet-align-left","mobile-align-left","ast-product-gallery-layout-vertical-slider","ast-product-gallery-with-no-image","ast-product-tabs-layout-horizontal","ast-qv-on-image"],"_links":{"self":[{"href":"https:\/\/www.youuglobal.com\/fr\/wp-json\/wp\/v2\/product\/915","targetHints":{"allow":["GET"]}}],"collection":[{"href":"https:\/\/www.youuglobal.com\/fr\/wp-json\/wp\/v2\/product"}],"about":[{"href":"https:\/\/www.youuglobal.com\/fr\/wp-json\/wp\/v2\/types\/product"}],"wp:featuredmedia":[{"embeddable":true,"href":"https:\/\/www.youuglobal.com\/fr\/wp-json\/wp\/v2\/media\/1386"}],"wp:attachment":[{"href":"https:\/\/www.youuglobal.com\/fr\/wp-json\/wp\/v2\/media?parent=915"}],"wp:term":[{"taxonomy":"product_cat","embeddable":true,"href":"https:\/\/www.youuglobal.com\/fr\/wp-json\/wp\/v2\/product_cat?post=915"},{"taxonomy":"product_tag","embeddable":true,"href":"https:\/\/www.youuglobal.com\/fr\/wp-json\/wp\/v2\/product_tag?post=915"}],"curies":[{"name":"wp","href":"https:\/\/api.w.org\/{rel}","templated":true}]}}