{"id":917,"date":"2021-06-18T02:56:19","date_gmt":"2021-06-18T02:56:19","guid":{"rendered":"http:\/\/www.youuglobal.com\/index.php\/product\/majesty\/"},"modified":"2025-10-27T17:07:02","modified_gmt":"2025-10-27T09:07:02","slug":"majesty","status":"publish","type":"product","link":"https:\/\/www.youuglobal.com\/fr\/produit\/majesty\/","title":{"rendered":"Tables et chaises d'ext\u00e9rieur"},"content":{"rendered":"<p>L'ensemble de tables et chaises portables grand format pour l'ext\u00e9rieur est dot\u00e9 d'un support \u00e0 trois pieds de grande taille, offrant une meilleure r\u00e9sistance au poids et \u00e9vitant la flexion du dos. Il est fabriqu\u00e9 en alliage d'acier au carbone \u00e9pais, assurant une excellente capacit\u00e9 de charge et une forte r\u00e9sistance \u00e0 la pression. De plus, il b\u00e9n\u00e9ficie d'un traitement protecteur en quatre couches, garantissant une protection contre la corrosion et l'usure.<\/p>\n<div class=\"efm_ant-bubble efm_ant-bubble-start\" data-role=\"assistant\">\n<div class=\"efm_ant-bubble-content-wrapper\">\n<div class=\"efm_ant-bubble-content efm_ant-bubble-content-wrapper-card efm_ant-bubble-content-borderless\">\n<div class=\"efm_ant-markdown\">\n<p data-spm-anchor-id=\"a2ty02.30260236.d_text_model_experience.i14.4be674a1NermyA\">La table et les chaises d'ext\u00e9rieur poss\u00e8dent un plateau \u00e9pais et agrandi, permettant facilement \u00e0 4 \u00e0 8 personnes de s'asseoir confortablement autour.<\/p>\n<div class=\"efm_ant-bubble efm_ant-bubble-start\" data-role=\"assistant\">\n<div class=\"efm_ant-bubble-content-wrapper\">\n<div class=\"efm_ant-bubble-content efm_ant-bubble-content-wrapper-card efm_ant-bubble-content-borderless\">\n<div class=\"efm_ant-markdown\">\n<p data-spm-anchor-id=\"a2ty02.30260236.d_text_model_experience.i15.4be674a1NermyA\">Les tables et chaises d'ext\u00e9rieur se montent rapidement, ce qui permet de gagner du temps et offre une grande praticit\u00e9.<\/p>\n<\/div>\n<\/div>\n<\/div>\n<\/div>\n<div class=\"bottom-section__ggvm2\">\n<div class=\"statistics-and-actions__P27gD\">\n<div class=\"actions-wrap__QR6l4\">\n<div class=\"efm_ant-bubble efm_ant-bubble-start\" data-role=\"assistant\">\n<div class=\"efm_ant-bubble-content-wrapper\">\n<div class=\"efm_ant-bubble-content efm_ant-bubble-content-wrapper-card efm_ant-bubble-content-borderless\">\n<div class=\"efm_ant-markdown\">\n<p data-spm-anchor-id=\"a2ty02.30260236.d_text_model_experience.i16.4be674a1NermyA\">Les tables et chaises d'ext\u00e9rieur se rangent dans un volume extr\u00eamement r\u00e9duit ; elles tiennent dans un seul sac, pr\u00eates \u00e0 \u00eatre emport\u00e9es en un clin d'\u0153il.<\/p>\n<\/div>\n<\/div>\n<\/div>\n<\/div>\n<\/div>\n<\/div>\n<\/div>\n<\/div>\n<\/div>\n<\/div>\n<\/div>\n<div class=\"bottom-section__ggvm2\" data-spm-anchor-id=\"a2ty02.30260236.d_text_model_experience.i13.4be674a1NermyA\">\n<div class=\"statistics-and-actions__P27gD\">\n<div class=\"actions-wrap__QR6l4\"><\/div>\n<\/div>\n<\/div>","protected":false},"excerpt":{"rendered":"<div class=\"efm_ant-bubble efm_ant-bubble-start\" data-role=\"assistant\">\n<div class=\"efm_ant-bubble-content-wrapper\">\n<div class=\"efm_ant-bubble-content efm_ant-bubble-content-wrapper-card efm_ant-bubble-content-borderless\">\n<div class=\"efm_ant-markdown\">\n<p data-spm-anchor-id=\"a2ty02.30260236.d_text_model_experience.i8.4be674a1NermyA\">Table et chaises pliantes pour l'ext\u00e9rieur, table ronde, ensemble de tables et chaises de pique-nique portables, table pour commerce ambulant, kit d'accessoires pour table longue de camping et barbecue<\/p>\n<\/div>\n<\/div>\n<\/div>\n<\/div>","protected":false},"featured_media":1385,"template":"","meta":{"site-sidebar-layout":"default","site-content-layout":"default","ast-global-header-display":"","ast-main-header-display":"","ast-hfb-above-header-display":"","ast-hfb-below-header-display":"","ast-hfb-mobile-header-display":"","site-post-title":"","ast-breadcrumbs-content":"","ast-featured-img":"","footer-sml-layout":"","theme-transparent-header-meta":"default","adv-header-id-meta":"","stick-header-meta":"","header-above-stick-meta":"","header-main-stick-meta":"","header-below-stick-meta":""},"product_cat":[18],"product_tag":[],"class_list":["post-917","product","type-product","status-publish","has-post-thumbnail","hentry","product_cat-outdoor-gear","desktop-align-left","tablet-align-left","mobile-align-left","ast-product-gallery-layout-vertical-slider","ast-product-gallery-with-no-image","ast-product-tabs-layout-horizontal","ast-qv-on-image"],"_links":{"self":[{"href":"https:\/\/www.youuglobal.com\/fr\/wp-json\/wp\/v2\/product\/917","targetHints":{"allow":["GET"]}}],"collection":[{"href":"https:\/\/www.youuglobal.com\/fr\/wp-json\/wp\/v2\/product"}],"about":[{"href":"https:\/\/www.youuglobal.com\/fr\/wp-json\/wp\/v2\/types\/product"}],"wp:featuredmedia":[{"embeddable":true,"href":"https:\/\/www.youuglobal.com\/fr\/wp-json\/wp\/v2\/media\/1385"}],"wp:attachment":[{"href":"https:\/\/www.youuglobal.com\/fr\/wp-json\/wp\/v2\/media?parent=917"}],"wp:term":[{"taxonomy":"product_cat","embeddable":true,"href":"https:\/\/www.youuglobal.com\/fr\/wp-json\/wp\/v2\/product_cat?post=917"},{"taxonomy":"product_tag","embeddable":true,"href":"https:\/\/www.youuglobal.com\/fr\/wp-json\/wp\/v2\/product_tag?post=917"}],"curies":[{"name":"wp","href":"https:\/\/api.w.org\/{rel}","templated":true}]}}