{"id":919,"date":"2021-06-18T03:00:50","date_gmt":"2021-06-18T03:00:50","guid":{"rendered":"http:\/\/www.youuglobal.com\/index.php\/product\/starry-night\/"},"modified":"2025-10-27T16:58:02","modified_gmt":"2025-10-27T08:58:02","slug":"starry-night","status":"publish","type":"product","link":"https:\/\/www.youuglobal.com\/fr\/produit\/starry-night\/","title":{"rendered":"Tentes"},"content":{"rendered":"<p>La tente de plein air (mod\u00e8le familial) ne n\u00e9cessite pas d'assemblage, elle est simple et pratique, et se d\u00e9ploie rapidement en un seul geste.<\/p>\n<p>La tente est dot\u00e9e d'un rev\u00eatement en plastique noir \u00e9pais et r\u00e9sistant aux UV, offrant une protection solaire renforc\u00e9e gr\u00e2ce \u00e0 plusieurs couches, pour vous garantir une exp\u00e9rience de camping confortable.<\/p>\n<p>La tente est \u00e9quip\u00e9e de grandes fen\u00eatres, id\u00e9ales pour admirer le paysage et offrant une excellente ventilation, dissipation de chaleur et a\u00e9ration.<\/p>\n<p>La tente est disponible en plusieurs mod\u00e8les, notamment avec une porte et une fen\u00eatre, ou deux portes et deux fen\u00eatres.<\/p>","protected":false},"excerpt":{"rendered":"<p><span style=\"font-size: 16px;\">Tente, camping en plein air, pliante portable \u00e0 ouverture rapide, \u00e9quipement de camping pour la nuit, ensemble complet de tente de pique-nique prot\u00e9geant du soleil, de la pluie et des rayons UV<\/span><\/p>\n<div class=\"bottom-section__ggvm2\">\n<div class=\"statistics-and-actions__P27gD\">\n<div class=\"actions-wrap__QR6l4\"><\/div>\n<\/div>\n<\/div>","protected":false},"featured_media":1384,"template":"","meta":{"site-sidebar-layout":"default","site-content-layout":"default","ast-global-header-display":"","ast-main-header-display":"","ast-hfb-above-header-display":"","ast-hfb-below-header-display":"","ast-hfb-mobile-header-display":"","site-post-title":"","ast-breadcrumbs-content":"","ast-featured-img":"","footer-sml-layout":"","theme-transparent-header-meta":"default","adv-header-id-meta":"","stick-header-meta":"","header-above-stick-meta":"","header-main-stick-meta":"","header-below-stick-meta":""},"product_cat":[18],"product_tag":[],"class_list":["post-919","product","type-product","status-publish","has-post-thumbnail","hentry","product_cat-outdoor-gear","desktop-align-left","tablet-align-left","mobile-align-left","ast-product-gallery-layout-vertical-slider","ast-product-gallery-with-no-image","ast-product-tabs-layout-horizontal","ast-qv-on-image"],"_links":{"self":[{"href":"https:\/\/www.youuglobal.com\/fr\/wp-json\/wp\/v2\/product\/919","targetHints":{"allow":["GET"]}}],"collection":[{"href":"https:\/\/www.youuglobal.com\/fr\/wp-json\/wp\/v2\/product"}],"about":[{"href":"https:\/\/www.youuglobal.com\/fr\/wp-json\/wp\/v2\/types\/product"}],"wp:featuredmedia":[{"embeddable":true,"href":"https:\/\/www.youuglobal.com\/fr\/wp-json\/wp\/v2\/media\/1384"}],"wp:attachment":[{"href":"https:\/\/www.youuglobal.com\/fr\/wp-json\/wp\/v2\/media?parent=919"}],"wp:term":[{"taxonomy":"product_cat","embeddable":true,"href":"https:\/\/www.youuglobal.com\/fr\/wp-json\/wp\/v2\/product_cat?post=919"},{"taxonomy":"product_tag","embeddable":true,"href":"https:\/\/www.youuglobal.com\/fr\/wp-json\/wp\/v2\/product_tag?post=919"}],"curies":[{"name":"wp","href":"https:\/\/api.w.org\/{rel}","templated":true}]}}